{"id":15,"date":"2022-01-25T22:35:23","date_gmt":"2022-01-25T22:35:23","guid":{"rendered":"https:\/\/meblosiek.pl\/?page_id=15"},"modified":"2025-03-24T13:42:11","modified_gmt":"2025-03-24T13:42:11","slug":"rekrutacja","status":"publish","type":"page","link":"https:\/\/meblosiek.pl\/?page_id=15","title":{"rendered":"Rekrutacja"},"content":{"rendered":"<div class=\"text\">\n<div class=\"page-content\">\n<hr \/>\n<p><strong>AKTUALNE OG\u0141OSZNIA<\/strong><\/p>\n<hr \/>\n<p>W zwi\u0105zku z ci\u0105g\u0142ym procesem rekrutowania nowych kandydat\u00f3w do pracy w sp\u00f3\u0142ce Fabryka Mebli Meblosiek Sp. z o.o. w Kolonii Osiek, informujemy, \u017ce sk\u0142adane przez kandydat\u00f3w do pracy CV i inne dokumenty stanowi\u0105ce o\u015bwiadczenia kandydata przyst\u0105pienia do procesu rekrutacji prosimy przysy\u0142a\u0107 jedynie na adres e-mail: <a href=\"mailto:rekrutacja@meblosiek.pl\"><strong>rekrutacja@meblosiek.pl<\/strong><\/a><\/p>\n<p>Informujemy, \u017ce wp\u0142yw dokument\u00f3w rekrutacyjnych na inny adres e-mail b\u0119dzie nieskuteczny tj. dokumenty rekrutacyjne nie b\u0119d\u0105 rozpatrywane i maj\u0105c na uwadze kwestie dotycz\u0105ce ochrony i przetwarzania danych osobowych, b\u0119d\u0105 usuwane w spos\u00f3b uniemo\u017cliwiaj\u0105cy ich odtworzenie.<\/p>\n<p><strong>Rekrutacja w FM Meblosiek Sp. z o.o. sk\u0142ada si\u0119 z nast\u0119puj\u0105cych etap\u00f3w:<\/strong><\/p>\n<ol>\n<li>Wst\u0119pne przejrzenie dostarczonych przez Kandydata dokument\u00f3w rekrutacyjnych na okoliczno\u015b\u0107 podania niezb\u0119dnych danych do przeprowadzenia rekrutacji a tak\u017ce zgodnie z zasad\u0105 minimalizmu danych \u2013 ograniczenie si\u0119 do przetwarzania jedynie tych danych, kt\u00f3re s\u0105 wymagane przez Kodeks Pracy na etapie samej rekrutacji.<\/li>\n<li>Rozmowa z Pracodawc\u0105 na temat stanowiska pracy, kt\u00f3re mo\u017ce obj\u0105\u0107 Kandydat<\/li>\n<li>W przypadku zatrudnienia, od Kandydata odbiera si\u0119 o\u015bwiadczenie o zachowaniu w poufno\u015bci oraz udziela si\u0119 upowa\u017cnienia do przetwarzania danych, je\u017celi stanowisko pracy Kandydata tego wymaga.<\/li>\n<li>W przypadku niezatrudnienia Kandydata, jest on poinformowany, \u017ce jego dane nie b\u0119d\u0105 przetwarzane po up\u0142ywie okresu przetwarzania wskazanego w pkt 5 informacji o przetwarzaniu danych dla rekrutowanych.<\/li>\n<li>Je\u017celi Kandydat nie zostanie przyj\u0119ty do pracy, lecz Pracodawca nie wyklucza nawi\u0105zania stosunku pracy, w\u00f3wczas Pracodawca ma mo\u017cliwo\u015b\u0107 odebrania od Kandydata odr\u0119bnej zgody na przetwarzanie danych do cel\u00f3w dalszej rekrutacji, ograniczonej czasowo.<\/li>\n<\/ol>\n<p><strong>Poni\u017cej zamieszczamy informacj\u0119 o przetwarzaniu danych osobowych zgodnie z art. 13 ust. 1 i 2 oraz 14 ust. 1 i 2 Og\u00f3lnego rozporz\u0105dzenia o ochronie danych w zwi\u0105zku z przyst\u0105pieniem do procesu rekrutacji, z kt\u00f3r\u0105 prosimy si\u0119 zapozna\u0107 ju\u017c\u00a0 teraz:<\/strong><\/p>\n<ol>\n<li>W zwi\u0105zku z obowi\u0105zywaniem przepis\u00f3w o ochronie danych osobowych &#8211; Rozporz\u0105dzenia Parlamentu Europejskiego i Rady UE nr 2016\/679 z dnia 27 kwietnia 2016r. w sprawie ochrony os\u00f3b fizycznych w zwi\u0105zku z przetwarzaniem danych osobowych, zwanym <strong>RODO, <\/strong>jako administrator danych osobowych \u2013 Fabryka Mebli MEBLOSIEK Sp. z o.o. w Kolonii Osiek (Administrator danych) informujemy, \u017ce przetwarzamy Pa\u0144stwa dane osobowe:<\/li>\n<\/ol>\n<p>1) imi\u0119 (imiona) i nazwisko;<\/p>\n<p>2) dat\u0119 urodzenia;<\/p>\n<p>3) dane kontaktowe, je\u017celi s\u0105 wskazane<\/p>\n<p>4) wykszta\u0142cenie<\/p>\n<p>5) kwalifikacje zawodowe;<\/p>\n<p>6) przebieg dotychczasowego zatrudnienia &#8211; je\u017celi jest to uzasadnione dla okre\u015blenia przydatno\u015bci na dane stanowisko pracy.<\/p>\n<p>Administrator mo\u017ce \u017c\u0105da\u0107 podania danych osobowych inne ni\u017c wy\u017cej wymienione, gdy jest to niezb\u0119dne do zrealizowania uprawnienia lub spe\u0142nienia obowi\u0105zku wynikaj\u0105cego z przepisu prawa.<\/p>\n<ol>\n<li value=\"2\">Dane te przetwarzane s\u0105 w celach zwi\u0105zanych z przeprowadzeniem procesu rekrutacji i zatrudnieniem w FM Meblosiek, na podstawie art. 6 ust. 1 lit. f) RODO, tzn. przetwarzanie danych jest niezb\u0119dne do cel\u00f3w wynikaj\u0105cych z prawnie uzasadnionych interes\u00f3w realizowanych przez administratora.<\/li>\n<li value=\"3\">Dane otrzymali\u015bmy bezpo\u015brednio od Pa\u0144stwa. Celem przetwarzania danych jest przeprowadzenie rekrutacji na stanowisko pracy w Fabryce Mebli MEBLOSIEK Sp. z o.o. w Kolonii Osiek.<\/li>\n<li value=\"4\">Dane nie b\u0119d\u0105 udost\u0119pniane odbiorcom danych w rozumieniu art. 4 pkt 9 Og\u00f3lnego rozporz\u0105dzenia o ochronie danych. Poza Administratorem danych \u017caden podmiot nie b\u0119dzie mia\u0142 dost\u0119pu do podanych przez Pa\u0144stwo danych osobowych poza podmiotami powi\u0105zanymi lub wsp\u00f3\u0142pracuj\u0105cymi z Fabryk\u0105 Mebli MEBLOSIEK Sp. z o.o. i zobowi\u0105zanymi przez ni\u0105 do zachowania wszelkich informacji dotycz\u0105cych danych osobowych w poufno\u015bci i przetwarzania zgodnie z wymogami stawianymi przez RODO, r\u00f3wnie\u017c na podstawie zawartych stosownych um\u00f3w powierzenia przetwarzania danych osobowych.<\/li>\n<li value=\"5\">Pa\u0144stwa dane osobowe b\u0119d\u0105 przechowywane przez czas trwania rekrutacji: przez dwa miesi\u0105ce od daty z\u0142o\u017cenia (przes\u0142ania) CV lub do momentu wycofania zgody (na dodatkowe dane) lub zg\u0142oszenia skutecznego sprzeciwu (gdy dane osobowe s\u0105 przetwarzane w oparciu o art. 6 ust. 1 lit. f) RODO) w zale\u017cno\u015bci od tego, kt\u00f3re zdarzenie mia\u0142o miejsce wcze\u015bniej.<\/li>\n<\/ol>\n<p>W sytuacji decyzji negatywnej, Pa\u0144stwa podanie o przyj\u0119cie do pracy wraz z \u017cyciorysem zostanie zwr\u00f3cone b\u0105d\u017a usuni\u0119te w spos\u00f3b uniemo\u017cliwiaj\u0105cy jego odtworzenie niezw\u0142ocznie po up\u0142ywie ww. terminu dw\u00f3ch miesi\u0119cy. W sytuacji uczestnictwa w dalszych rekrutacjach Meblosiek, mog\u0105 udzieli\u0107 Pa\u0144stwo osobnej zgody na dalsze przetwarzanie danych, nie d\u0142u\u017cej ni\u017c do kolejnych dwunastu miesi\u0119cy.<\/p>\n<ol>\n<li value=\"6\">Przys\u0142uguje Pa\u0144stwu prawo dost\u0119pu do tre\u015bci danych oraz ich sprostowania, a w przypadku ustania celu, dla kt\u00f3rego by\u0142y przetwarzane prawo do ich usuni\u0119cia, ograniczenia przetwarzania, a tak\u017ce zaprzestania przetwarzania oraz prawo do wniesienia sprzeciwu. W przypadku wyra\u017cenia zgody na przetwarzanie danych maj\u0105 Pa\u0144stwo prawo do jej cofni\u0119cia w dowolnym momencie bez wp\u0142ywu na zgodno\u015b\u0107 z prawem przetwarzania, kt\u00f3rego dokonano na podstawie zgody przed jej cofni\u0119ciem. Przys\u0142uguje Pa\u0144stwu prawo do wniesienia skargi do organu nadzoru wskazanego przez przepisy ustawy o ochronie danych osobowych, gdy uznaj\u0105 Pa\u0144stwo, i\u017c przetwarzanie danych osobowych Pa\u0144stwa dotycz\u0105cych narusza przepisy og\u00f3lnego rozporz\u0105dzenia o ochronie danych osobowych z dnia 27 kwietnia 2016r.<\/li>\n<li value=\"7\">Podanie przez Pa\u0144stwo danych osobowych jest dobrowolne i stanowi warunek przyst\u0105pienia do procesu rekrutacji. Brak wyra\u017cenia zgody skutkuje natychmiastowym zwrotem b\u0105d\u017a usuni\u0119ciem podania o przyj\u0119cie do pracy w Fabryce Mebli MEBLOSIEK Sp. z o.o. wraz z \u017cyciorysem.<\/li>\n<li value=\"8\">Podane przez Pa\u0144stwa dane osobowe nie s\u0105 wykorzystywane do podejmowania decyzji w spos\u00f3b zautomatyzowany na podstawie danych osobowych przetwarzanych w ramach wykonywania umowy przez Fabryk\u0119 Mebli MEBLOSIEK Sp. z o.o. Dane nie b\u0119d\u0105 przekazywane do pa\u0144stw trzecich.<\/li>\n<\/ol>\n<\/div>\n<\/div>\n","protected":false},"excerpt":{"rendered":"<p>AKTUALNE OG\u0141OSZNIA W zwi\u0105zku z ci\u0105g\u0142ym procesem rekrutowania nowych kandydat\u00f3w do pracy w sp\u00f3\u0142ce Fabryka Mebli Meblosiek Sp. z o.o. w Kolonii Osiek, informujemy, \u017ce sk\u0142adane przez kandydat\u00f3w do pracy CV i inne dokumenty stanowi\u0105ce o\u015bwiadczenia kandydata przyst\u0105pienia do procesu rekrutacji prosimy przysy\u0142a\u0107 jedynie na adres e-mail: rekrutacja@meblosiek.pl Informujemy, \u017ce<\/p>\n<div class=\"post-more\">\n\t<a href=\"https:\/\/meblosiek.pl\/?page_id=15\" class=\"\"><\/a>\n\t<\/div>\n","protected":false},"author":1,"featured_media":0,"parent":9,"menu_order":0,"comment_status":"closed","ping_status":"closed","template":"","meta":{"footnotes":""},"class_list":["post-15","page","type-page","status-publish","hentry"],"acf":[],"_links":{"self":[{"href":"https:\/\/meblosiek.pl\/index.php?rest_route=\/wp\/v2\/pages\/15","targetHints":{"allow":["GET"]}}],"collection":[{"href":"https:\/\/meblosiek.pl\/index.php?rest_route=\/wp\/v2\/pages"}],"about":[{"href":"https:\/\/meblosiek.pl\/index.php?rest_route=\/wp\/v2\/types\/page"}],"author":[{"embeddable":true,"href":"https:\/\/meblosiek.pl\/index.php?rest_route=\/wp\/v2\/users\/1"}],"replies":[{"embeddable":true,"href":"https:\/\/meblosiek.pl\/index.php?rest_route=%2Fwp%2Fv2%2Fcomments&post=15"}],"version-history":[{"count":23,"href":"https:\/\/meblosiek.pl\/index.php?rest_route=\/wp\/v2\/pages\/15\/revisions"}],"predecessor-version":[{"id":8832,"href":"https:\/\/meblosiek.pl\/index.php?rest_route=\/wp\/v2\/pages\/15\/revisions\/8832"}],"up":[{"embeddable":true,"href":"https:\/\/meblosiek.pl\/index.php?rest_route=\/wp\/v2\/pages\/9"}],"wp:attachment":[{"href":"https:\/\/meblosiek.pl\/index.php?rest_route=%2Fwp%2Fv2%2Fmedia&parent=15"}],"curies":[{"name":"wp","href":"https:\/\/api.w.org\/{rel}","templated":true}]}}