{"id":501,"date":"2022-03-30T06:47:40","date_gmt":"2022-03-30T06:47:40","guid":{"rendered":"https:\/\/meblosiek.pl\/?page_id=501"},"modified":"2022-05-17T06:50:39","modified_gmt":"2022-05-17T06:50:39","slug":"enquiries","status":"publish","type":"page","link":"https:\/\/meblosiek.pl\/?page_id=501&lang=en","title":{"rendered":"Enquiries"},"content":{"rendered":"<p><strong>In connection with planned realization of project \u201cIMPLEMENTATION OF WORK RESULTS B+R AND INNOVATIVE TECHNOLOGICAL AND PRODUCT SOLUTIONS AS A CHANCE FOR INCREASING COMPETITIVENESS OF MEBLOSIEK FURNITURE FACTORY\u201d as part of Regional Operational Program of \u0142\u00f3d\u017akie voivodeship for 2014-2020, MEASURE II.3 INCREASING COMPETITIVENESS M\u015aP, SUB-MEASURE II 3.1 Innovations in M\u015aP, FURNITURE COMPANY \u201cMEBLOSIEK\u201d LIMITED LIABILITY COMPANY announces the implementation in alignment with the rule of competitiveness in choosing the supplier of solutions aligned with Enquiry no. 1\/2017, placed below:<\/strong><\/p>\n<ul>\n<li><a href=\"https:\/\/meblosiek.pl\/upload\/files\/Zapytanie_Ofertowe_1_2017_pr.pdf\"><strong>Enquiry no. 1\/2017<\/strong><\/a><\/li>\n<li><strong><a href=\"https:\/\/meblosiek.pl\/upload\/files\/Zalacznik1_1_2017_MEBLOSIEK.pdf\">Attachment to the enquiry no. 1\/2017<\/a><\/strong><\/li>\n<\/ul>\n<p><strong>Further to reference of purchase process and implementation of solutions for intelligent company management in accordance with ENQUIRY NO. 1\/2017, dated 20.01.2017, we would like to inform that, based on submitted offers and adopted rules as the supplier of subject of the contract:<\/strong><\/p>\n<p><strong>PURCHASE AND IMPLEMENTATION OF SOLUTIONS FOR INTELLIGENT MANAGEMENT OF COMPANY<\/strong><\/p>\n<p>We have selected: Biuro Projektowania System\u00f3w Cyfrowych S.A. with headquarters ul. Ga\u0142eczki 61, 41-506 Chorz\u00f3w.<\/p>\n<p>The selection was carried out in terms of implemented project under the name. \u201cIMPLEMENTATION OF WORK RESULTS B+R AND INNOVATIVE TECHNOLOGICAL AND PRODUCT SOLUTIONS AS A CHANCE FOR INCREASING COMPETITIVENESS OF MEBLOSIEK FURNITURE FACTORY\u201d as part of Regional Operational Program of \u0142\u00f3d\u017akie voivodeship for 2014-2020, MEASURE II.3 INCREASING COMPETITIVENESS M\u015aP, SUB-MEASURE II 3.1 Innovations in M\u015aP.<\/p>\n<pre id=\"tw-target-text\" class=\"tw-data-text tw-text-large tw-ta\" dir=\"ltr\" data-placeholder=\"T\u0142umaczenie\"><span class=\"Y2IQFc\" lang=\"en\">\u00a0<\/span><\/pre>\n","protected":false},"excerpt":{"rendered":"<p>In connection with planned realization of project \u201cIMPLEMENTATION OF WORK RESULTS B+R AND INNOVATIVE TECHNOLOGICAL AND PRODUCT SOLUTIONS AS A CHANCE FOR INCREASING COMPETITIVENESS OF MEBLOSIEK FURNITURE FACTORY\u201d as part of Regional Operational Program of \u0142\u00f3d\u017akie voivodeship for 2014-2020, MEASURE II.3 INCREASING COMPETITIVENESS M\u015aP, SUB-MEASURE II 3.1 Innovations in M\u015aP,<\/p>\n<div class=\"post-more\">\n\t<a href=\"https:\/\/meblosiek.pl\/?page_id=501&#038;lang=en\" class=\"\"><\/a>\n\t<\/div>\n","protected":false},"author":1,"featured_media":0,"parent":493,"menu_order":0,"comment_status":"closed","ping_status":"closed","template":"","meta":{"footnotes":""},"class_list":["post-501","page","type-page","status-publish","hentry"],"acf":[],"_links":{"self":[{"href":"https:\/\/meblosiek.pl\/index.php?rest_route=\/wp\/v2\/pages\/501","targetHints":{"allow":["GET"]}}],"collection":[{"href":"https:\/\/meblosiek.pl\/index.php?rest_route=\/wp\/v2\/pages"}],"about":[{"href":"https:\/\/meblosiek.pl\/index.php?rest_route=\/wp\/v2\/types\/page"}],"author":[{"embeddable":true,"href":"https:\/\/meblosiek.pl\/index.php?rest_route=\/wp\/v2\/users\/1"}],"replies":[{"embeddable":true,"href":"https:\/\/meblosiek.pl\/index.php?rest_route=%2Fwp%2Fv2%2Fcomments&post=501"}],"version-history":[{"count":8,"href":"https:\/\/meblosiek.pl\/index.php?rest_route=\/wp\/v2\/pages\/501\/revisions"}],"predecessor-version":[{"id":3591,"href":"https:\/\/meblosiek.pl\/index.php?rest_route=\/wp\/v2\/pages\/501\/revisions\/3591"}],"up":[{"embeddable":true,"href":"https:\/\/meblosiek.pl\/index.php?rest_route=\/wp\/v2\/pages\/493"}],"wp:attachment":[{"href":"https:\/\/meblosiek.pl\/index.php?rest_route=%2Fwp%2Fv2%2Fmedia&parent=501"}],"curies":[{"name":"wp","href":"https:\/\/api.w.org\/{rel}","templated":true}]}}